{"id":454,"date":"2024-09-01T11:05:30","date_gmt":"2024-09-01T16:05:30","guid":{"rendered":"http:\/\/iglesiacubana.org\/cocc\/?page_id=454"},"modified":"2024-09-08T17:09:47","modified_gmt":"2024-09-08T22:09:47","slug":"comisiones-pastorales","status":"publish","type":"page","link":"https:\/\/iglesiacubana.org\/cocc\/comisiones-pastorales\/","title":{"rendered":"Comisiones Pastorales"},"content":{"rendered":"\t\t<div data-elementor-type=\"wp-page\" data-elementor-id=\"454\" class=\"elementor elementor-454\">\n\t\t\t\t<div class=\"elementor-element elementor-element-04162df e-flex e-con-boxed wpr-particle-no wpr-jarallax-no wpr-parallax-no wpr-sticky-section-no e-con e-parent\" data-id=\"04162df\" data-element_type=\"container\" data-settings=\"{&quot;background_background&quot;:&quot;classic&quot;}\">\n\t\t\t\t\t<div class=\"e-con-inner\">\n\t\t\t\t<div class=\"elementor-element elementor-element-03a1de2 elementor-absolute elementor-widget elementor-widget-heading\" data-id=\"03a1de2\" data-element_type=\"widget\" data-settings=\"{&quot;_position&quot;:&quot;absolute&quot;}\" data-widget_type=\"heading.default\">\n\t\t\t\t<div class=\"elementor-widget-container\">\n\t\t\t<h2 class=\"elementor-heading-title elementor-size-default\">COMISIONES<\/h2>\t\t<\/div>\n\t\t\t\t<\/div>\n\t\t\t\t\t<\/div>\n\t\t\t\t<\/div>\n\t\t<div class=\"elementor-element elementor-element-a4b2b3e e-flex e-con-boxed wpr-particle-no wpr-jarallax-no wpr-parallax-no wpr-sticky-section-no e-con e-parent\" data-id=\"a4b2b3e\" data-element_type=\"container\">\n\t\t\t\t\t<div class=\"e-con-inner\">\n\t\t\t\t<div class=\"elementor-element elementor-element-1a6d12c elementor-widget elementor-widget-text-editor\" data-id=\"1a6d12c\" data-element_type=\"widget\" data-widget_type=\"text-editor.default\">\n\t\t\t\t<div class=\"elementor-widget-container\">\n\t\t\t\t\t\t\t<p style=\"text-align: center;\">La Conferencia Episcopal Cubana est\u00e1 formada por diferentes comisiones misiones cuya misi\u00f3n es trabajar de forma personalizada cada uno de los \u00e1mbitos de acci\u00f3n de la Iglesia. Cada comisi\u00f3n establece l\u00edneas y proyectos para la acci\u00f3n pastoral de la Iglesia.<\/p>\t\t\t\t\t\t<\/div>\n\t\t\t\t<\/div>\n\t\t\t\t\t<\/div>\n\t\t\t\t<\/div>\n\t\t<div class=\"elementor-element elementor-element-adefa18 e-flex e-con-boxed wpr-particle-no wpr-jarallax-no wpr-parallax-no wpr-sticky-section-no e-con e-parent\" data-id=\"adefa18\" data-element_type=\"container\">\n\t\t\t\t\t<div class=\"e-con-inner\">\n\t\t<div class=\"elementor-element elementor-element-0e727cf e-con-full e-flex wpr-particle-no wpr-jarallax-no wpr-parallax-no wpr-sticky-section-no e-con e-child\" data-id=\"0e727cf\" data-element_type=\"container\">\n\t\t\t\t<div class=\"elementor-element elementor-element-a5eb1d2 elementor-widget elementor-widget-image\" data-id=\"a5eb1d2\" data-element_type=\"widget\" data-widget_type=\"image.default\">\n\t\t\t\t<div class=\"elementor-widget-container\">\n\t\t\t\t\t\t\t\t\t\t\t\t\t<img fetchpriority=\"high\" decoding=\"async\" width=\"280\" height=\"253\" src=\"https:\/\/iglesiacubana.org\/cocc\/wp-content\/uploads\/2024\/08\/Comunicacion.webp\" class=\"elementor-animation-hang attachment-large size-large wp-image-403\" alt=\"Comunicaci\u00f3n\" \/>\t\t\t\t\t\t\t\t\t\t\t\t\t<\/div>\n\t\t\t\t<\/div>\n\t\t\t\t<\/div>\n\t\t<div class=\"elementor-element elementor-element-cbf39c0 e-con-full e-flex wpr-particle-no wpr-jarallax-no wpr-parallax-no wpr-sticky-section-no e-con e-child\" data-id=\"cbf39c0\" data-element_type=\"container\">\n\t\t\t\t<div class=\"elementor-element elementor-element-3923828 elementor-widget elementor-widget-image\" data-id=\"3923828\" data-element_type=\"widget\" data-widget_type=\"image.default\">\n\t\t\t\t<div class=\"elementor-widget-container\">\n\t\t\t\t\t\t\t\t\t\t\t\t\t<img decoding=\"async\" width=\"280\" height=\"253\" src=\"https:\/\/iglesiacubana.org\/cocc\/wp-content\/uploads\/2024\/08\/Familia.webp\" class=\"elementor-animation-hang attachment-large size-large wp-image-398\" alt=\"Familia\" \/>\t\t\t\t\t\t\t\t\t\t\t\t\t<\/div>\n\t\t\t\t<\/div>\n\t\t\t\t<\/div>\n\t\t<div class=\"elementor-element elementor-element-3cb9f93 e-con-full e-flex wpr-particle-no wpr-jarallax-no wpr-parallax-no wpr-sticky-section-no e-con e-child\" data-id=\"3cb9f93\" data-element_type=\"container\">\n\t\t\t\t<div class=\"elementor-element elementor-element-cfbb6c7 elementor-widget elementor-widget-image\" data-id=\"cfbb6c7\" data-element_type=\"widget\" data-widget_type=\"image.default\">\n\t\t\t\t<div class=\"elementor-widget-container\">\n\t\t\t\t\t\t\t\t\t\t\t\t\t<img decoding=\"async\" width=\"280\" height=\"253\" src=\"https:\/\/iglesiacubana.org\/cocc\/wp-content\/uploads\/2024\/08\/Sacerdotes-y-vocaciones.webp\" class=\"elementor-animation-hang attachment-large size-large wp-image-401\" alt=\"\" \/>\t\t\t\t\t\t\t\t\t\t\t\t\t<\/div>\n\t\t\t\t<\/div>\n\t\t\t\t<\/div>\n\t\t<div class=\"elementor-element elementor-element-802cf26 e-con-full e-flex wpr-particle-no wpr-jarallax-no wpr-parallax-no wpr-sticky-section-no e-con e-child\" data-id=\"802cf26\" data-element_type=\"container\">\n\t\t\t\t<div class=\"elementor-element elementor-element-fb27bdb elementor-widget elementor-widget-image\" data-id=\"fb27bdb\" data-element_type=\"widget\" data-widget_type=\"image.default\">\n\t\t\t\t<div class=\"elementor-widget-container\">\n\t\t\t\t\t\t\t\t\t\t\t\t\t<img loading=\"lazy\" decoding=\"async\" width=\"280\" height=\"253\" src=\"https:\/\/iglesiacubana.org\/cocc\/wp-content\/uploads\/2024\/08\/Diaconado-Permanente_.webp\" class=\"elementor-animation-hang attachment-large size-large wp-image-402\" alt=\"\" \/>\t\t\t\t\t\t\t\t\t\t\t\t\t<\/div>\n\t\t\t\t<\/div>\n\t\t\t\t<\/div>\n\t\t<div class=\"elementor-element elementor-element-32f0131 e-con-full e-flex wpr-particle-no wpr-jarallax-no wpr-parallax-no wpr-sticky-section-no e-con e-child\" data-id=\"32f0131\" data-element_type=\"container\">\n\t\t\t\t<div class=\"elementor-element elementor-element-d34027f elementor-widget elementor-widget-image\" data-id=\"d34027f\" data-element_type=\"widget\" data-widget_type=\"image.default\">\n\t\t\t\t<div class=\"elementor-widget-container\">\n\t\t\t\t\t\t\t\t\t\t\t\t\t<img loading=\"lazy\" decoding=\"async\" width=\"280\" height=\"253\" src=\"https:\/\/iglesiacubana.org\/cocc\/wp-content\/uploads\/2024\/08\/Penitenciaria.webp\" class=\"elementor-animation-hang attachment-large size-large wp-image-397\" alt=\"\" \/>\t\t\t\t\t\t\t\t\t\t\t\t\t<\/div>\n\t\t\t\t<\/div>\n\t\t\t\t<\/div>\n\t\t<div class=\"elementor-element elementor-element-4796579 e-con-full e-flex wpr-particle-no wpr-jarallax-no wpr-parallax-no wpr-sticky-section-no e-con e-child\" data-id=\"4796579\" data-element_type=\"container\">\n\t\t\t\t<div class=\"elementor-element elementor-element-beb43cc elementor-widget elementor-widget-image\" data-id=\"beb43cc\" data-element_type=\"widget\" data-widget_type=\"image.default\">\n\t\t\t\t<div class=\"elementor-widget-container\">\n\t\t\t\t\t\t\t\t\t\t\t\t\t<img loading=\"lazy\" decoding=\"async\" width=\"280\" height=\"253\" src=\"https:\/\/iglesiacubana.org\/cocc\/wp-content\/uploads\/2024\/08\/Liturgia.webp\" class=\"elementor-animation-hang attachment-large size-large wp-image-400\" alt=\"\" \/>\t\t\t\t\t\t\t\t\t\t\t\t\t<\/div>\n\t\t\t\t<\/div>\n\t\t\t\t<\/div>\n\t\t\t\t\t<\/div>\n\t\t\t\t<\/div>\n\t\t<div class=\"elementor-element elementor-element-f421a81 e-flex e-con-boxed wpr-particle-no wpr-jarallax-no wpr-parallax-no wpr-sticky-section-no e-con e-parent\" data-id=\"f421a81\" data-element_type=\"container\">\n\t\t\t\t\t<div class=\"e-con-inner\">\n\t\t<div class=\"elementor-element elementor-element-60a6085 e-con-full e-flex wpr-particle-no wpr-jarallax-no wpr-parallax-no wpr-sticky-section-no e-con e-child\" data-id=\"60a6085\" data-element_type=\"container\">\n\t\t\t\t<div class=\"elementor-element elementor-element-a11fdf4 elementor-widget elementor-widget-image\" data-id=\"a11fdf4\" data-element_type=\"widget\" data-widget_type=\"image.default\">\n\t\t\t\t<div class=\"elementor-widget-container\">\n\t\t\t\t\t\t\t\t\t\t\t\t\t<img loading=\"lazy\" decoding=\"async\" width=\"280\" height=\"253\" src=\"https:\/\/iglesiacubana.org\/cocc\/wp-content\/uploads\/2024\/08\/Jovenes.webp\" class=\"elementor-animation-hang attachment-large size-large wp-image-405\" alt=\"J\u00f3venes\" \/>\t\t\t\t\t\t\t\t\t\t\t\t\t<\/div>\n\t\t\t\t<\/div>\n\t\t\t\t<\/div>\n\t\t<div class=\"elementor-element elementor-element-129888b e-con-full e-flex wpr-particle-no wpr-jarallax-no wpr-parallax-no wpr-sticky-section-no e-con e-child\" data-id=\"129888b\" data-element_type=\"container\">\n\t\t\t\t<div class=\"elementor-element elementor-element-d7256e6 elementor-widget elementor-widget-image\" data-id=\"d7256e6\" data-element_type=\"widget\" data-widget_type=\"image.default\">\n\t\t\t\t<div class=\"elementor-widget-container\">\n\t\t\t\t\t\t\t\t\t\t\t\t\t<img loading=\"lazy\" decoding=\"async\" width=\"280\" height=\"253\" src=\"https:\/\/iglesiacubana.org\/cocc\/wp-content\/uploads\/2024\/08\/Adolescentes.webp\" class=\"elementor-animation-hang attachment-large size-large wp-image-406\" alt=\"\" \/>\t\t\t\t\t\t\t\t\t\t\t\t\t<\/div>\n\t\t\t\t<\/div>\n\t\t\t\t<\/div>\n\t\t<div class=\"elementor-element elementor-element-1c21409 e-con-full e-flex wpr-particle-no wpr-jarallax-no wpr-parallax-no wpr-sticky-section-no e-con e-child\" data-id=\"1c21409\" data-element_type=\"container\">\n\t\t\t\t<div class=\"elementor-element elementor-element-3880770 elementor-widget elementor-widget-image\" data-id=\"3880770\" data-element_type=\"widget\" data-widget_type=\"image.default\">\n\t\t\t\t<div class=\"elementor-widget-container\">\n\t\t\t\t\t\t\t\t\t\t\t\t\t<img loading=\"lazy\" decoding=\"async\" width=\"280\" height=\"253\" src=\"https:\/\/iglesiacubana.org\/cocc\/wp-content\/uploads\/2024\/08\/Educacion-Catolica.webp\" class=\"elementor-animation-hang attachment-large size-large wp-image-407\" alt=\"\" \/>\t\t\t\t\t\t\t\t\t\t\t\t\t<\/div>\n\t\t\t\t<\/div>\n\t\t\t\t<\/div>\n\t\t<div class=\"elementor-element elementor-element-70d29c5 e-con-full e-flex wpr-particle-no wpr-jarallax-no wpr-parallax-no wpr-sticky-section-no e-con e-child\" data-id=\"70d29c5\" data-element_type=\"container\">\n\t\t\t\t<div class=\"elementor-element elementor-element-d167f7e elementor-widget elementor-widget-image\" data-id=\"d167f7e\" data-element_type=\"widget\" data-widget_type=\"image.default\">\n\t\t\t\t<div class=\"elementor-widget-container\">\n\t\t\t\t\t\t\t\t\t\t\t\t\t<img loading=\"lazy\" decoding=\"async\" width=\"280\" height=\"253\" src=\"https:\/\/iglesiacubana.org\/cocc\/wp-content\/uploads\/2024\/08\/Catequesis.webp\" class=\"elementor-animation-hang attachment-large size-large wp-image-396\" alt=\"\" \/>\t\t\t\t\t\t\t\t\t\t\t\t\t<\/div>\n\t\t\t\t<\/div>\n\t\t\t\t<\/div>\n\t\t<div class=\"elementor-element elementor-element-554b1fc e-con-full e-flex wpr-particle-no wpr-jarallax-no wpr-parallax-no wpr-sticky-section-no e-con e-child\" data-id=\"554b1fc\" data-element_type=\"container\">\n\t\t\t\t<div class=\"elementor-element elementor-element-7c64845 elementor-widget elementor-widget-image\" data-id=\"7c64845\" data-element_type=\"widget\" data-widget_type=\"image.default\">\n\t\t\t\t<div class=\"elementor-widget-container\">\n\t\t\t\t\t\t\t\t\t\t\t\t\t<img loading=\"lazy\" decoding=\"async\" width=\"280\" height=\"253\" src=\"https:\/\/iglesiacubana.org\/cocc\/wp-content\/uploads\/2024\/08\/Misiones.webp\" class=\"elementor-animation-hang attachment-large size-large wp-image-404\" alt=\"\" \/>\t\t\t\t\t\t\t\t\t\t\t\t\t<\/div>\n\t\t\t\t<\/div>\n\t\t\t\t<\/div>\n\t\t<div class=\"elementor-element elementor-element-3f09361 e-con-full e-flex wpr-particle-no wpr-jarallax-no wpr-parallax-no wpr-sticky-section-no e-con e-child\" data-id=\"3f09361\" data-element_type=\"container\">\n\t\t\t\t<\/div>\n\t\t\t\t\t<\/div>\n\t\t\t\t<\/div>\n\t\t\t\t<\/div>\n\t\t","protected":false},"excerpt":{"rendered":"<p>COMISIONES La Conferencia Episcopal Cubana est\u00e1 formada por diferentes comisiones misiones cuya misi\u00f3n es trabajar de forma personalizada cada uno de los \u00e1mbitos de acci\u00f3n de la Iglesia. Cada comisi\u00f3n establece l\u00edneas y proyectos para la acci\u00f3n pastoral de la Iglesia.<\/p>\n","protected":false},"author":1,"featured_media":0,"parent":0,"menu_order":0,"comment_status":"closed","ping_status":"closed","template":"","meta":{"site-sidebar-layout":"no-sidebar","site-content-layout":"","ast-site-content-layout":"full-width-container","site-content-style":"default","site-sidebar-style":"default","ast-global-header-display":"","ast-banner-title-visibility":"","ast-main-header-display":"","ast-hfb-above-header-display":"","ast-hfb-below-header-display":"","ast-hfb-mobile-header-display":"","site-post-title":"disabled","ast-breadcrumbs-content":"","ast-featured-img":"disabled","footer-sml-layout":"","theme-transparent-header-meta":"","adv-header-id-meta":"","stick-header-meta":"","header-above-stick-meta":"","header-main-stick-meta":"","header-below-stick-meta":"","astra-migrate-meta-layouts":"default","ast-page-background-enabled":"default","ast-page-background-meta":{"desktop":{"background-color":"var(--ast-global-color-4)","background-image":"","background-repeat":"repeat","background-position":"center center","background-size":"auto","background-attachment":"scroll","background-type":"","background-media":"","overlay-type":"","overlay-color":"","overlay-opacity":"","overlay-gradient":""},"tablet":{"background-color":"","background-image":"","background-repeat":"repeat","background-position":"center center","background-size":"auto","background-attachment":"scroll","background-type":"","background-media":"","overlay-type":"","overlay-color":"","overlay-opacity":"","overlay-gradient":""},"mobile":{"background-color":"","background-image":"","background-repeat":"repeat","background-position":"center center","background-size":"auto","background-attachment":"scroll","background-type":"","background-media":"","overlay-type":"","overlay-color":"","overlay-opacity":"","overlay-gradient":""}},"ast-content-background-meta":{"desktop":{"background-color":"var(--ast-global-color-5)","background-image":"","background-repeat":"repeat","background-position":"center center","background-size":"auto","background-attachment":"scroll","background-type":"","background-media":"","overlay-type":"","overlay-color":"","overlay-opacity":"","overlay-gradient":""},"tablet":{"background-color":"var(--ast-global-color-5)","background-image":"","background-repeat":"repeat","background-position":"center center","background-size":"auto","background-attachment":"scroll","background-type":"","background-media":"","overlay-type":"","overlay-color":"","overlay-opacity":"","overlay-gradient":""},"mobile":{"background-color":"var(--ast-global-color-5)","background-image":"","background-repeat":"repeat","background-position":"center center","background-size":"auto","background-attachment":"scroll","background-type":"","background-media":"","overlay-type":"","overlay-color":"","overlay-opacity":"","overlay-gradient":""}},"footnotes":""},"class_list":["post-454","page","type-page","status-publish","hentry"],"rttpg_featured_image_url":null,"rttpg_author":{"display_name":"admin","author_link":"https:\/\/iglesiacubana.org\/cocc\/author\/admin\/"},"rttpg_comment":0,"rttpg_category":null,"rttpg_excerpt":"COMISIONES La Conferencia Episcopal Cubana est\u00e1 formada por diferentes comisiones misiones cuya misi\u00f3n es trabajar de forma personalizada cada uno de los \u00e1mbitos de acci\u00f3n de la Iglesia. Cada comisi\u00f3n establece l\u00edneas y proyectos para la acci\u00f3n pastoral de la Iglesia.","_links":{"self":[{"href":"https:\/\/iglesiacubana.org\/cocc\/wp-json\/wp\/v2\/pages\/454","targetHints":{"allow":["GET"]}}],"collection":[{"href":"https:\/\/iglesiacubana.org\/cocc\/wp-json\/wp\/v2\/pages"}],"about":[{"href":"https:\/\/iglesiacubana.org\/cocc\/wp-json\/wp\/v2\/types\/page"}],"author":[{"embeddable":true,"href":"https:\/\/iglesiacubana.org\/cocc\/wp-json\/wp\/v2\/users\/1"}],"replies":[{"embeddable":true,"href":"https:\/\/iglesiacubana.org\/cocc\/wp-json\/wp\/v2\/comments?post=454"}],"version-history":[{"count":64,"href":"https:\/\/iglesiacubana.org\/cocc\/wp-json\/wp\/v2\/pages\/454\/revisions"}],"predecessor-version":[{"id":623,"href":"https:\/\/iglesiacubana.org\/cocc\/wp-json\/wp\/v2\/pages\/454\/revisions\/623"}],"wp:attachment":[{"href":"https:\/\/iglesiacubana.org\/cocc\/wp-json\/wp\/v2\/media?parent=454"}],"curies":[{"name":"wp","href":"https:\/\/api.w.org\/{rel}","templated":true}]}}